{"id":2638,"date":"2020-10-26T23:45:34","date_gmt":"2020-10-26T23:45:34","guid":{"rendered":"https:\/\/ocpac.vote\/?page_id=2638"},"modified":"2025-02-06T21:48:20","modified_gmt":"2025-02-07T05:48:20","slug":"values","status":"publish","type":"page","link":"https:\/\/ocpac.vote\/es\/values\/","title":{"rendered":"Valores"},"content":{"rendered":"\n<div class=\"wp-block-cover alignfull has-background-dim\" style=\"background-image:url(https:\/\/ocaction.org\/wp-content\/uploads\/sites\/56\/2020\/08\/Ocean-waves-83437879-scaled.jpeg);background-position:52% 20%\"><div class=\"wp-block-cover__inner-container is-layout-flow wp-block-cover-is-layout-flow\">\n<div style=\"height:50px\" aria-hidden=\"true\" class=\"wp-block-spacer\"><\/div>\n\n\n\n<h1 class=\"has-text-align-center wp-block-heading\">Valores<\/h1>\n\n\n\n<h4 class=\"wp-block-heading\">Nos proponemos desarrollar una alianza Asi\u00e1tica, Latinx, Sindical, y de Justicia Ambiental, que impulsar\u00e1 el condado de Orange hacia una transformaci\u00f3n progresiva.<\/h4>\n\n\n\n<div style=\"height:150px\" aria-hidden=\"true\" class=\"wp-block-spacer\"><\/div>\n\n\n\n<p><\/p>\n<\/div><\/div>\n\n\n\n<div class=\"wp-block-columns are-vertically-aligned-top is-layout-flex wp-container-core-columns-is-layout-9d6595d7 wp-block-columns-is-layout-flex\">\n<div class=\"wp-block-column is-vertically-aligned-top is-layout-flow wp-block-column-is-layout-flow\" style=\"flex-basis:33.33%\">\n<p class=\"has-text-align-right has-larger-font-size\"><strong>Democracia real<\/strong><\/p>\n<\/div>\n\n\n\n<div class=\"wp-block-column is-vertically-aligned-top is-layout-flow wp-block-column-is-layout-flow\" style=\"flex-basis:66.66%\">\n<p class=\"has-large-font-size\">Apoyamos un condado de Orange que proteja una democracia para toda la comunidad y aumentar el poder del voto de todos los miembros.<\/p>\n<\/div>\n<\/div>\n\n\n\n<div class=\"wp-block-columns are-vertically-aligned-top is-layout-flex wp-container-core-columns-is-layout-9d6595d7 wp-block-columns-is-layout-flex\">\n<div class=\"wp-block-column is-vertically-aligned-top is-layout-flow wp-block-column-is-layout-flow\" style=\"flex-basis:33.33%\">\n<p class=\"has-text-align-right has-larger-font-size\"><strong>Transici\u00f3n justa<\/strong><\/p>\n<\/div>\n\n\n\n<div class=\"wp-block-column is-vertically-aligned-top is-layout-flow wp-block-column-is-layout-flow\" style=\"flex-basis:66.66%\">\n<p class=\"has-large-font-size\">Apoyamos una justicia econ\u00f3mica interseccional que lucha por los derechos de los trabajadores en la regi\u00f3n y busca avanzar econom\u00edas justas, no explotativas y mutuamente interdependientes.<\/p>\n\n\n\n<p class=\"has-large-font-size\">El condado de Orange necesita pasar por una transici\u00f3n justa, enfoc\u00e1ndose en una econom\u00eda de renovables que est\u00e9 arraigado en las prioridades locales y de justicia ambiental.<\/p>\n<\/div>\n<\/div>\n\n\n\n<div class=\"wp-block-columns are-vertically-aligned-top is-layout-flex wp-container-core-columns-is-layout-9d6595d7 wp-block-columns-is-layout-flex\">\n<div class=\"wp-block-column is-vertically-aligned-top is-layout-flow wp-block-column-is-layout-flow\" style=\"flex-basis:33.33%\">\n<p class=\"has-text-align-right has-larger-font-size\"><strong>El derecho al techo es un derecho humano<\/strong><\/p>\n<\/div>\n\n\n\n<div class=\"wp-block-column is-vertically-aligned-top is-layout-flow wp-block-column-is-layout-flow\" style=\"flex-basis:66.66%\">\n<p class=\"has-large-font-size\">El derecho a la vivienda es un derecho humano; todos merecemos una vivienda decenta y de bajos costos sin la amenaza del desalojo o encarcelamiento.<\/p>\n<\/div>\n<\/div>\n\n\n\n<div class=\"wp-block-columns are-vertically-aligned-top is-layout-flex wp-container-core-columns-is-layout-9d6595d7 wp-block-columns-is-layout-flex\">\n<div class=\"wp-block-column is-vertically-aligned-top is-layout-flow wp-block-column-is-layout-flow\" style=\"flex-basis:33.33%\">\n<p class=\"has-text-align-right has-larger-font-size\"><strong>Transformaci\u00f3n de la educaci\u00f3n p\u00fablica<\/strong><\/p>\n<\/div>\n\n\n\n<div class=\"wp-block-column is-vertically-aligned-top is-layout-flow wp-block-column-is-layout-flow\" style=\"flex-basis:66.66%\">\n<p class=\"has-large-font-size\">La educaci\u00f3n p\u00fablica debe estar arraigada en la liberaci\u00f3n del pueblo. Apoyamos deshacer el sistema estructural que hace que los estudiantes terminen a menudo en las c\u00e1rceles &#8211; debemos reemplazar medidas punitivas con una pr\u00e1ctica transformacional. Debemos aumentar el presupuesto de escuelas p\u00fablicas en una magnitud exponencial, lo cual asegurar\u00e1 que todo estudiante pueda alcanzar su potencial.<\/p>\n<\/div>\n<\/div>\n\n\n\n<div class=\"wp-block-columns are-vertically-aligned-top is-layout-flex wp-container-core-columns-is-layout-9d6595d7 wp-block-columns-is-layout-flex\">\n<div class=\"wp-block-column is-vertically-aligned-top is-layout-flow wp-block-column-is-layout-flow\" style=\"flex-basis:33.33%\">\n<p class=\"has-text-align-right has-larger-font-size\"><strong>Justicia inmigrante<\/strong><\/p>\n<\/div>\n\n\n\n<div class=\"wp-block-column is-vertically-aligned-top is-layout-flow wp-block-column-is-layout-flow\" style=\"flex-basis:66.66%\">\n<p class=\"has-large-font-size\">El condado de Orange necesita ser un modelo regional para las comunidades que busquen apoyar a los inmigrantes para lograr \u00e9xito &#8211; incluyendo eliminar los peligros de criminalizaci\u00f3n y deportaci\u00f3n de nuestras comunidades.<\/p>\n<\/div>\n<\/div>\n\n\n\n<div class=\"wp-block-columns are-vertically-aligned-top is-layout-flex wp-container-core-columns-is-layout-9d6595d7 wp-block-columns-is-layout-flex\">\n<div class=\"wp-block-column is-vertically-aligned-top is-layout-flow wp-block-column-is-layout-flow\" style=\"flex-basis:33.33%\">\n<p class=\"has-larger-font-size\"><strong>Vidas sanas y exitosas<\/strong><\/p>\n<\/div>\n\n\n\n<div class=\"wp-block-column is-vertically-aligned-top is-layout-flow wp-block-column-is-layout-flow\" style=\"flex-basis:66.66%\">\n<p class=\"has-large-font-size\">La salud es un derecho humano y un bien p\u00fablico. El sistema de salud debe tocar tanto la desigualdad sist\u00e9mica de la salud individual como la salud mental de aquellos que sobreviven el trauma y la opresi\u00f3n.<\/p>\n<\/div>\n<\/div>\n","protected":false},"excerpt":{"rendered":"<p>Democracia real Apoyamos un condado de Orange que proteja una democracia para toda la comunidad y aumentar el poder del voto de todos los miembros. Transici\u00f3n justa Apoyamos una justicia econ\u00f3mica interseccional que lucha por los derechos de los trabajadores en la regi\u00f3n y busca avanzar econom\u00edas justas, no explotativas y mutuamente interdependientes. El condado [&hellip;]<\/p>\n","protected":false},"author":1,"featured_media":0,"parent":0,"menu_order":0,"comment_status":"closed","ping_status":"closed","template":"","meta":{"footnotes":""},"class_list":["post-2638","page","type-page","status-publish","hentry"],"yoast_head":"<!-- This site is optimized with the Yoast SEO Premium plugin v25.6 (Yoast SEO v25.6) - https:\/\/yoast.com\/wordpress\/plugins\/seo\/ -->\n<title>Valores - Orange County PAC<\/title>\n<meta name=\"robots\" content=\"index, follow, max-snippet:-1, max-image-preview:large, max-video-preview:-1\" \/>\n<link rel=\"canonical\" href=\"https:\/\/ocpac.vote\/es\/values\/\" \/>\n<meta property=\"og:locale\" content=\"es_ES\" \/>\n<meta property=\"og:type\" content=\"article\" \/>\n<meta property=\"og:title\" content=\"Valores\" \/>\n<meta property=\"og:description\" content=\"Democracia real Apoyamos un condado de Orange que proteja una democracia para toda la comunidad y aumentar el poder del voto de todos los miembros. Transici\u00f3n justa Apoyamos una justicia econ\u00f3mica interseccional que lucha por los derechos de los trabajadores en la regi\u00f3n y busca avanzar econom\u00edas justas, no explotativas y mutuamente interdependientes. El condado [&hellip;]\" \/>\n<meta property=\"og:url\" content=\"https:\/\/ocpac.vote\/es\/values\/\" \/>\n<meta property=\"og:site_name\" content=\"Orange County PAC\" \/>\n<meta property=\"article:modified_time\" content=\"2025-02-07T05:48:20+00:00\" \/>\n<meta name=\"twitter:card\" content=\"summary_large_image\" \/>\n<meta name=\"twitter:label1\" content=\"Tiempo de lectura\" \/>\n\t<meta name=\"twitter:data1\" content=\"1 minuto\" \/>\n<script type=\"application\/ld+json\" class=\"yoast-schema-graph\">{\"@context\":\"https:\/\/schema.org\",\"@graph\":[{\"@type\":\"WebPage\",\"@id\":\"https:\/\/ocpac.vote\/es\/values\/\",\"url\":\"https:\/\/ocpac.vote\/es\/values\/\",\"name\":\"Valores - Orange County PAC\",\"isPartOf\":{\"@id\":\"https:\/\/ocpac.vote\/#website\"},\"datePublished\":\"2020-10-26T23:45:34+00:00\",\"dateModified\":\"2025-02-07T05:48:20+00:00\",\"breadcrumb\":{\"@id\":\"https:\/\/ocpac.vote\/es\/values\/#breadcrumb\"},\"inLanguage\":\"es\",\"potentialAction\":[{\"@type\":\"ReadAction\",\"target\":[\"https:\/\/ocpac.vote\/es\/values\/\"]}]},{\"@type\":\"BreadcrumbList\",\"@id\":\"https:\/\/ocpac.vote\/es\/values\/#breadcrumb\",\"itemListElement\":[{\"@type\":\"ListItem\",\"position\":1,\"name\":\"Home\",\"item\":\"https:\/\/ocpac.vote\/es\/\"},{\"@type\":\"ListItem\",\"position\":2,\"name\":\"Valores\"}]},{\"@type\":\"WebSite\",\"@id\":\"https:\/\/ocpac.vote\/#website\",\"url\":\"https:\/\/ocpac.vote\/\",\"name\":\"Orange County PAC\",\"description\":\"\",\"publisher\":{\"@id\":\"https:\/\/ocpac.vote\/#organization\"},\"potentialAction\":[{\"@type\":\"SearchAction\",\"target\":{\"@type\":\"EntryPoint\",\"urlTemplate\":\"https:\/\/ocpac.vote\/?s={search_term_string}\"},\"query-input\":{\"@type\":\"PropertyValueSpecification\",\"valueRequired\":true,\"valueName\":\"search_term_string\"}}],\"inLanguage\":\"es\"},{\"@type\":[\"Organization\",\"Place\"],\"@id\":\"https:\/\/ocpac.vote\/#organization\",\"name\":\"Orange County PAC\",\"url\":\"https:\/\/ocpac.vote\/\",\"logo\":{\"@id\":\"https:\/\/ocpac.vote\/es\/values\/#local-main-organization-logo\"},\"image\":{\"@id\":\"https:\/\/ocpac.vote\/es\/values\/#local-main-organization-logo\"},\"telephone\":[],\"openingHoursSpecification\":[{\"@type\":\"OpeningHoursSpecification\",\"dayOfWeek\":[\"Monday\",\"Tuesday\",\"Wednesday\",\"Thursday\",\"Friday\",\"Saturday\",\"Sunday\"],\"opens\":\"09:00\",\"closes\":\"17:00\"}]},{\"@type\":\"ImageObject\",\"inLanguage\":\"es\",\"@id\":\"https:\/\/ocpac.vote\/es\/values\/#local-main-organization-logo\",\"url\":\"https:\/\/ocpac.vote\/wp-content\/uploads\/sites\/7\/2020\/09\/OCPAC-Topbar.png\",\"contentUrl\":\"https:\/\/ocpac.vote\/wp-content\/uploads\/sites\/7\/2020\/09\/OCPAC-Topbar.png\",\"width\":1227,\"height\":190,\"caption\":\"Orange County PAC\"}]}<\/script>\n<!-- \/ Yoast SEO Premium plugin. -->","yoast_head_json":{"title":"Valores - Orange County PAC","robots":{"index":"index","follow":"follow","max-snippet":"max-snippet:-1","max-image-preview":"max-image-preview:large","max-video-preview":"max-video-preview:-1"},"canonical":"https:\/\/ocpac.vote\/es\/values\/","og_locale":"es_ES","og_type":"article","og_title":"Valores","og_description":"Democracia real Apoyamos un condado de Orange que proteja una democracia para toda la comunidad y aumentar el poder del voto de todos los miembros. Transici\u00f3n justa Apoyamos una justicia econ\u00f3mica interseccional que lucha por los derechos de los trabajadores en la regi\u00f3n y busca avanzar econom\u00edas justas, no explotativas y mutuamente interdependientes. El condado [&hellip;]","og_url":"https:\/\/ocpac.vote\/es\/values\/","og_site_name":"Orange County PAC","article_modified_time":"2025-02-07T05:48:20+00:00","twitter_card":"summary_large_image","twitter_misc":{"Tiempo de lectura":"1 minuto"},"schema":{"@context":"https:\/\/schema.org","@graph":[{"@type":"WebPage","@id":"https:\/\/ocpac.vote\/es\/values\/","url":"https:\/\/ocpac.vote\/es\/values\/","name":"Valores - Orange County PAC","isPartOf":{"@id":"https:\/\/ocpac.vote\/#website"},"datePublished":"2020-10-26T23:45:34+00:00","dateModified":"2025-02-07T05:48:20+00:00","breadcrumb":{"@id":"https:\/\/ocpac.vote\/es\/values\/#breadcrumb"},"inLanguage":"es","potentialAction":[{"@type":"ReadAction","target":["https:\/\/ocpac.vote\/es\/values\/"]}]},{"@type":"BreadcrumbList","@id":"https:\/\/ocpac.vote\/es\/values\/#breadcrumb","itemListElement":[{"@type":"ListItem","position":1,"name":"Home","item":"https:\/\/ocpac.vote\/es\/"},{"@type":"ListItem","position":2,"name":"Valores"}]},{"@type":"WebSite","@id":"https:\/\/ocpac.vote\/#website","url":"https:\/\/ocpac.vote\/","name":"Orange County PAC","description":"","publisher":{"@id":"https:\/\/ocpac.vote\/#organization"},"potentialAction":[{"@type":"SearchAction","target":{"@type":"EntryPoint","urlTemplate":"https:\/\/ocpac.vote\/?s={search_term_string}"},"query-input":{"@type":"PropertyValueSpecification","valueRequired":true,"valueName":"search_term_string"}}],"inLanguage":"es"},{"@type":["Organization","Place"],"@id":"https:\/\/ocpac.vote\/#organization","name":"Orange County PAC","url":"https:\/\/ocpac.vote\/","logo":{"@id":"https:\/\/ocpac.vote\/es\/values\/#local-main-organization-logo"},"image":{"@id":"https:\/\/ocpac.vote\/es\/values\/#local-main-organization-logo"},"telephone":[],"openingHoursSpecification":[{"@type":"OpeningHoursSpecification","dayOfWeek":["Monday","Tuesday","Wednesday","Thursday","Friday","Saturday","Sunday"],"opens":"09:00","closes":"17:00"}]},{"@type":"ImageObject","inLanguage":"es","@id":"https:\/\/ocpac.vote\/es\/values\/#local-main-organization-logo","url":"https:\/\/ocpac.vote\/wp-content\/uploads\/sites\/7\/2020\/09\/OCPAC-Topbar.png","contentUrl":"https:\/\/ocpac.vote\/wp-content\/uploads\/sites\/7\/2020\/09\/OCPAC-Topbar.png","width":1227,"height":190,"caption":"Orange County PAC"}]}},"_links":{"self":[{"href":"https:\/\/ocpac.vote\/es\/wp-json\/wp\/v2\/pages\/2638","targetHints":{"allow":["GET"]}}],"collection":[{"href":"https:\/\/ocpac.vote\/es\/wp-json\/wp\/v2\/pages"}],"about":[{"href":"https:\/\/ocpac.vote\/es\/wp-json\/wp\/v2\/types\/page"}],"author":[{"embeddable":true,"href":"https:\/\/ocpac.vote\/es\/wp-json\/wp\/v2\/users\/1"}],"replies":[{"embeddable":true,"href":"https:\/\/ocpac.vote\/es\/wp-json\/wp\/v2\/comments?post=2638"}],"version-history":[{"count":1,"href":"https:\/\/ocpac.vote\/es\/wp-json\/wp\/v2\/pages\/2638\/revisions"}],"predecessor-version":[{"id":3474,"href":"https:\/\/ocpac.vote\/es\/wp-json\/wp\/v2\/pages\/2638\/revisions\/3474"}],"wp:attachment":[{"href":"https:\/\/ocpac.vote\/es\/wp-json\/wp\/v2\/media?parent=2638"}],"curies":[{"name":"wp","href":"https:\/\/api.w.org\/{rel}","templated":true}]}}